{"id":1166,"date":"2023-05-11T19:59:21","date_gmt":"2023-05-11T19:59:21","guid":{"rendered":"https:\/\/lesjeuxdecarnito.com\/?post_type=product&#038;p=1166"},"modified":"2024-08-15T04:59:43","modified_gmt":"2024-08-15T04:59:43","slug":"boyau-darrosage","status":"publish","type":"product","link":"https:\/\/lesjeuxdecarnito.com\/en\/produit\/boyau-darrosage","title":{"rendered":"Boyau d\u2019arrosage"},"content":{"rendered":"","protected":false},"excerpt":{"rendered":"<p><img loading=\"lazy\" decoding=\"async\" src=\"https:\/\/lesjeuxdecarnito.com\/wp-content\/uploads\/2024\/04\/IMG_0134.jpeg\" alt=\"\" width=\"75\" height=\"75\" class=\"alignnone size-full wp-image-1752\" srcset=\"https:\/\/lesjeuxdecarnito.com\/wp-content\/uploads\/2024\/04\/IMG_0134.jpeg 300w, https:\/\/lesjeuxdecarnito.com\/wp-content\/uploads\/2024\/04\/IMG_0134-150x150.jpeg 150w, https:\/\/lesjeuxdecarnito.com\/wp-content\/uploads\/2024\/04\/IMG_0134-100x100.jpeg 100w\" sizes=\"(max-width: 75px) 100vw, 75px\" \/><br \/>\nBoyau d\u2019arrosage de 100 pieds en location journali\u00e8re. Peut servir \u00e0 remplir et\/ou vider nos jeux d\u2019eau dont le Trou de p\u00eache M\u00e9di\u00e9val, la Dunk Tank et plus.<\/p>\n","protected":false},"featured_media":1232,"comment_status":"open","ping_status":"closed","template":"","meta":{"_et_pb_use_builder":"","_et_pb_old_content":"","_et_gb_content_width":""},"product_brand":[],"product_cat":[53],"product_tag":[],"class_list":{"0":"post-1166","1":"product","2":"type-product","3":"status-publish","4":"has-post-thumbnail","6":"product_cat-equipements-installations","8":"first","9":"instock","10":"taxable","11":"shipping-taxable","12":"purchasable","13":"product-type-simple"},"_links":{"self":[{"href":"https:\/\/lesjeuxdecarnito.com\/en\/wp-json\/wp\/v2\/product\/1166","targetHints":{"allow":["GET"]}}],"collection":[{"href":"https:\/\/lesjeuxdecarnito.com\/en\/wp-json\/wp\/v2\/product"}],"about":[{"href":"https:\/\/lesjeuxdecarnito.com\/en\/wp-json\/wp\/v2\/types\/product"}],"replies":[{"embeddable":true,"href":"https:\/\/lesjeuxdecarnito.com\/en\/wp-json\/wp\/v2\/comments?post=1166"}],"wp:featuredmedia":[{"embeddable":true,"href":"https:\/\/lesjeuxdecarnito.com\/en\/wp-json\/wp\/v2\/media\/1232"}],"wp:attachment":[{"href":"https:\/\/lesjeuxdecarnito.com\/en\/wp-json\/wp\/v2\/media?parent=1166"}],"wp:term":[{"taxonomy":"product_brand","embeddable":true,"href":"https:\/\/lesjeuxdecarnito.com\/en\/wp-json\/wp\/v2\/product_brand?post=1166"},{"taxonomy":"product_cat","embeddable":true,"href":"https:\/\/lesjeuxdecarnito.com\/en\/wp-json\/wp\/v2\/product_cat?post=1166"},{"taxonomy":"product_tag","embeddable":true,"href":"https:\/\/lesjeuxdecarnito.com\/en\/wp-json\/wp\/v2\/product_tag?post=1166"}],"curies":[{"name":"wp","href":"https:\/\/api.w.org\/{rel}","templated":true}]}}