{"id":1318,"date":"2023-05-19T06:12:43","date_gmt":"2023-05-19T06:12:43","guid":{"rendered":"https:\/\/lesjeuxdecarnito.com\/?post_type=product&#038;p=1318"},"modified":"2025-04-22T12:00:22","modified_gmt":"2025-04-22T16:00:22","slug":"aliens-smash","status":"publish","type":"product","link":"https:\/\/lesjeuxdecarnito.com\/en\/produit\/aliens-smash","title":{"rendered":"Invasion d\u2019Aliens"},"content":{"rendered":"<p>*Prenez note que ce tarif inclus des frais de livraison, manutention, montage et d\u00e9montage \u00e9valu\u00e9 \u00e0 89$ plus taxes (Une maison et une catapulte) et de 99$ plus taxes (Deux maisons et deux catapultes). Secteur ville de Rivi\u00e8re-du-Loup seulement.<br \/>\n*Pour les livraisons \u00e0 l\u2019ext\u00e9rieur de Rivi\u00e8re-du-Loup, un frais fixe en fonction du kilom\u00e9trage s\u2019applique. SVP ajouter l\u2019item \u00e0 votre panier et mentionner votre adresse ou code postal \u00e0 notre calculateur automatique.<\/p>\n","protected":false},"excerpt":{"rendered":"<p><img loading=\"lazy\" decoding=\"async\" class=\"alignnone size-full wp-image-1716\" src=\"https:\/\/lesjeuxdecarnito.com\/wp-content\/uploads\/2024\/04\/IMG_0135.jpeg\" alt=\"\" width=\"75\" height=\"75\" srcset=\"https:\/\/lesjeuxdecarnito.com\/wp-content\/uploads\/2024\/04\/IMG_0135.jpeg 300w, https:\/\/lesjeuxdecarnito.com\/wp-content\/uploads\/2024\/04\/IMG_0135-150x150.jpeg 150w, https:\/\/lesjeuxdecarnito.com\/wp-content\/uploads\/2024\/04\/IMG_0135-100x100.jpeg 100w\" sizes=\"(max-width: 75px) 100vw, 75px\" \/> <img loading=\"lazy\" decoding=\"async\" class=\"alignnone size-full wp-image-1718\" src=\"https:\/\/lesjeuxdecarnito.com\/wp-content\/uploads\/2024\/04\/IMG_0129.jpeg\" alt=\"\" width=\"75\" height=\"75\" srcset=\"https:\/\/lesjeuxdecarnito.com\/wp-content\/uploads\/2024\/04\/IMG_0129.jpeg 300w, https:\/\/lesjeuxdecarnito.com\/wp-content\/uploads\/2024\/04\/IMG_0129-150x150.jpeg 150w, https:\/\/lesjeuxdecarnito.com\/wp-content\/uploads\/2024\/04\/IMG_0129-100x100.jpeg 100w\" sizes=\"(max-width: 75px) 100vw, 75px\" \/> <img loading=\"lazy\" decoding=\"async\" class=\"alignnone size-full wp-image-1758\" src=\"https:\/\/lesjeuxdecarnito.com\/wp-content\/uploads\/2023\/03\/IMG_0140.jpeg\" alt=\"\" width=\"75\" height=\"75\" srcset=\"https:\/\/lesjeuxdecarnito.com\/wp-content\/uploads\/2023\/03\/IMG_0140.jpeg 300w, https:\/\/lesjeuxdecarnito.com\/wp-content\/uploads\/2023\/03\/IMG_0140-150x150.jpeg 150w, https:\/\/lesjeuxdecarnito.com\/wp-content\/uploads\/2023\/03\/IMG_0140-100x100.jpeg 100w\" sizes=\"(max-width: 75px) 100vw, 75px\" \/><br \/>\nAliens Smash ou l&#8217;Invasion d&#8217;Aliens en fran\u00e7ais, est un jeu captivant qui puise son inspiration du c\u00e9l\u00e8bre jeu Angry Birds. Con\u00e7u et invent\u00e9 de mani\u00e8re originale par le Docteur Carnito et ses acolytes, ce jeu vous offre l&#8217;opportunit\u00e9 de prendre le contr\u00f4le d&#8217;un lance-pierres g\u00e9ant et de projectiles pour d\u00e9loger les Aliens cach\u00e9s dans la maison. C&#8217;est comme si Angry Birds prenait vie en grandeur nature et cela promet d&#8217;attirer l&#8217;attention de tous. Pr\u00e9parez-vous \u00e0 des heures de plaisir, que vous soyez jeune ou moins jeune, car Aliens Smash vous garantit une exp\u00e9rience de jeu inoubliable !<\/p>\n<p>***Prix de location : 249$ pour 1 lance-pierre g\u00e9ant et 1 maison ET 349$ pour 2 lance-pierres g\u00e9ants et 2 maisons d\u2019Aliens.<\/p>\n","protected":false},"featured_media":1660,"comment_status":"open","ping_status":"closed","template":"","meta":{"_et_pb_use_builder":"","_et_pb_old_content":"","_et_gb_content_width":""},"product_brand":[],"product_cat":[22,20,91,46,27],"product_tag":[98],"class_list":{"0":"post-1318","1":"product","2":"type-product","3":"status-publish","4":"has-post-thumbnail","6":"product_cat-competitive-fun","7":"product_cat-carnitos-exclusive","8":"product_cat-jeux","9":"product_cat-multi-2","10":"product_cat-multi-player","11":"product_tag-l","13":"first","14":"instock","15":"featured","16":"taxable","17":"shipping-taxable","18":"purchasable","19":"product-type-simple"},"_links":{"self":[{"href":"https:\/\/lesjeuxdecarnito.com\/en\/wp-json\/wp\/v2\/product\/1318","targetHints":{"allow":["GET"]}}],"collection":[{"href":"https:\/\/lesjeuxdecarnito.com\/en\/wp-json\/wp\/v2\/product"}],"about":[{"href":"https:\/\/lesjeuxdecarnito.com\/en\/wp-json\/wp\/v2\/types\/product"}],"replies":[{"embeddable":true,"href":"https:\/\/lesjeuxdecarnito.com\/en\/wp-json\/wp\/v2\/comments?post=1318"}],"wp:featuredmedia":[{"embeddable":true,"href":"https:\/\/lesjeuxdecarnito.com\/en\/wp-json\/wp\/v2\/media\/1660"}],"wp:attachment":[{"href":"https:\/\/lesjeuxdecarnito.com\/en\/wp-json\/wp\/v2\/media?parent=1318"}],"wp:term":[{"taxonomy":"product_brand","embeddable":true,"href":"https:\/\/lesjeuxdecarnito.com\/en\/wp-json\/wp\/v2\/product_brand?post=1318"},{"taxonomy":"product_cat","embeddable":true,"href":"https:\/\/lesjeuxdecarnito.com\/en\/wp-json\/wp\/v2\/product_cat?post=1318"},{"taxonomy":"product_tag","embeddable":true,"href":"https:\/\/lesjeuxdecarnito.com\/en\/wp-json\/wp\/v2\/product_tag?post=1318"}],"curies":[{"name":"wp","href":"https:\/\/api.w.org\/{rel}","templated":true}]}}