{"id":1589,"date":"2024-01-24T18:45:30","date_gmt":"2024-01-24T18:45:30","guid":{"rendered":"https:\/\/lesjeuxdecarnito.com\/?post_type=product&#038;p=1589"},"modified":"2025-03-23T11:55:16","modified_gmt":"2025-03-23T15:55:16","slug":"mississippi","status":"publish","type":"product","link":"https:\/\/lesjeuxdecarnito.com\/en\/produit\/mississippi","title":{"rendered":"Mississippi"},"content":{"rendered":"<p>*Prenez note que ce tarif inclus des frais de livraison, manutention, montage et d\u00e9montage \u00e9valu\u00e9 \u00e0 49$ plus taxes (secteur ville de Rivi\u00e8re-du-Loup seulement).<br \/>\n*Pour les livraisons \u00e0 l\u2019ext\u00e9rieur de Rivi\u00e8re-du-Loup, un frais fixe en fonction du kilom\u00e9trage s\u2019applique. SVP ajouter l\u2019item \u00e0 votre panier et mentionner votre adresse ou code postal \u00e0 notre calculateur automatique.<\/p>\n","protected":false},"excerpt":{"rendered":"<p><img loading=\"lazy\" decoding=\"async\" src=\"https:\/\/lesjeuxdecarnito.com\/wp-content\/uploads\/2024\/04\/IMG_0128.jpeg\" alt=\"\" width=\"75\" height=\"75\" class=\"alignnone size-full wp-image-1723\" srcset=\"https:\/\/lesjeuxdecarnito.com\/wp-content\/uploads\/2024\/04\/IMG_0128.jpeg 300w, https:\/\/lesjeuxdecarnito.com\/wp-content\/uploads\/2024\/04\/IMG_0128-150x150.jpeg 150w, https:\/\/lesjeuxdecarnito.com\/wp-content\/uploads\/2024\/04\/IMG_0128-100x100.jpeg 100w\" sizes=\"(max-width: 75px) 100vw, 75px\" \/> <img loading=\"lazy\" decoding=\"async\" src=\"https:\/\/lesjeuxdecarnito.com\/wp-content\/uploads\/2024\/04\/IMG_0129.jpeg\" alt=\"\" width=\"75\" height=\"75\" class=\"alignnone size-full wp-image-1718\" srcset=\"https:\/\/lesjeuxdecarnito.com\/wp-content\/uploads\/2024\/04\/IMG_0129.jpeg 300w, https:\/\/lesjeuxdecarnito.com\/wp-content\/uploads\/2024\/04\/IMG_0129-150x150.jpeg 150w, https:\/\/lesjeuxdecarnito.com\/wp-content\/uploads\/2024\/04\/IMG_0129-100x100.jpeg 100w\" sizes=\"(max-width: 75px) 100vw, 75px\" \/> <img loading=\"lazy\" decoding=\"async\" src=\"https:\/\/lesjeuxdecarnito.com\/wp-content\/uploads\/2024\/04\/IMG_0145.jpeg\" alt=\"\" width=\"75\" height=\"75\" class=\"alignnone size-full wp-image-1727\" srcset=\"https:\/\/lesjeuxdecarnito.com\/wp-content\/uploads\/2024\/04\/IMG_0145.jpeg 300w, https:\/\/lesjeuxdecarnito.com\/wp-content\/uploads\/2024\/04\/IMG_0145-150x150.jpeg 150w, https:\/\/lesjeuxdecarnito.com\/wp-content\/uploads\/2024\/04\/IMG_0145-100x100.jpeg 100w\" sizes=\"(max-width: 75px) 100vw, 75px\" \/> <img loading=\"lazy\" decoding=\"async\" src=\"https:\/\/lesjeuxdecarnito.com\/wp-content\/uploads\/2023\/03\/IMG_0140.jpeg\" alt=\"\" width=\"75\" height=\"75\" class=\"alignnone size-full wp-image-1758\" srcset=\"https:\/\/lesjeuxdecarnito.com\/wp-content\/uploads\/2023\/03\/IMG_0140.jpeg 300w, https:\/\/lesjeuxdecarnito.com\/wp-content\/uploads\/2023\/03\/IMG_0140-150x150.jpeg 150w, https:\/\/lesjeuxdecarnito.com\/wp-content\/uploads\/2023\/03\/IMG_0140-100x100.jpeg 100w\" sizes=\"(max-width: 75px) 100vw, 75px\" \/><br \/>\nPlongez dans l&#8217;h\u00e9ritage ludique du Qu\u00e9bec avec notre table de jeu de Mississippi, un classique des ann\u00e9es 50 alliant comp\u00e9tition et pr\u00e9cision. Red\u00e9couvrez le plaisir nostalgique avec cette table de Mississippi au design chaleureux qui \u00e9voquera des souvenirs tout en garantissant des moments m\u00e9morables en famille ou entre amis. Ce jeu rapide et dynamique peut \u00eatre appr\u00e9ci\u00e9 en duel ou en \u00e9quipes de deux. Louez notre table Mississippi pour une f\u00eate inoubliable, m\u00ealant tradition et divertissement.<\/p>\n","protected":false},"featured_media":1590,"comment_status":"open","ping_status":"closed","template":"","meta":{"_et_pb_use_builder":"","_et_pb_old_content":"","_et_gb_content_width":""},"product_brand":[],"product_cat":[29,22,91,46,27],"product_tag":[],"class_list":{"0":"post-1589","1":"product","2":"type-product","3":"status-publish","4":"has-post-thumbnail","6":"product_cat-carnival-classics","7":"product_cat-competitive-fun","8":"product_cat-jeux","9":"product_cat-multi-2","10":"product_cat-multi-player","12":"first","13":"instock","14":"featured","15":"taxable","16":"shipping-taxable","17":"purchasable","18":"product-type-simple"},"_links":{"self":[{"href":"https:\/\/lesjeuxdecarnito.com\/en\/wp-json\/wp\/v2\/product\/1589","targetHints":{"allow":["GET"]}}],"collection":[{"href":"https:\/\/lesjeuxdecarnito.com\/en\/wp-json\/wp\/v2\/product"}],"about":[{"href":"https:\/\/lesjeuxdecarnito.com\/en\/wp-json\/wp\/v2\/types\/product"}],"replies":[{"embeddable":true,"href":"https:\/\/lesjeuxdecarnito.com\/en\/wp-json\/wp\/v2\/comments?post=1589"}],"wp:featuredmedia":[{"embeddable":true,"href":"https:\/\/lesjeuxdecarnito.com\/en\/wp-json\/wp\/v2\/media\/1590"}],"wp:attachment":[{"href":"https:\/\/lesjeuxdecarnito.com\/en\/wp-json\/wp\/v2\/media?parent=1589"}],"wp:term":[{"taxonomy":"product_brand","embeddable":true,"href":"https:\/\/lesjeuxdecarnito.com\/en\/wp-json\/wp\/v2\/product_brand?post=1589"},{"taxonomy":"product_cat","embeddable":true,"href":"https:\/\/lesjeuxdecarnito.com\/en\/wp-json\/wp\/v2\/product_cat?post=1589"},{"taxonomy":"product_tag","embeddable":true,"href":"https:\/\/lesjeuxdecarnito.com\/en\/wp-json\/wp\/v2\/product_tag?post=1589"}],"curies":[{"name":"wp","href":"https:\/\/api.w.org\/{rel}","templated":true}]}}