{"id":1623,"date":"2024-04-12T03:19:43","date_gmt":"2024-04-12T03:19:43","guid":{"rendered":"https:\/\/lesjeuxdecarnito.com\/?post_type=product&#038;p=1623"},"modified":"2025-03-23T13:40:06","modified_gmt":"2025-03-23T17:40:06","slug":"tiki-toss","status":"publish","type":"product","link":"https:\/\/lesjeuxdecarnito.com\/en\/produit\/tiki-toss","title":{"rendered":"L\u2019anneaut\u00e9 de Pr\u00e9cision"},"content":{"rendered":"<p>*Prenez note que ce tarif inclus des frais de livraison, manutention, montage et d\u00e9montage \u00e9valu\u00e9 \u00e0 59$ plus taxes (secteur ville de Rivi\u00e8re-du-Loup seulement).<br \/>\n*Pour les livraisons \u00e0 l\u2019ext\u00e9rieur de Rivi\u00e8re-du-Loup, un frais fixe en fonction du kilom\u00e9trage s\u2019applique. SVP ajouter l\u2019item \u00e0 votre panier et mentionner votre adresse ou code postal \u00e0 notre calculateur automatique.<\/p>\n","protected":false},"excerpt":{"rendered":"<p><img loading=\"lazy\" decoding=\"async\" class=\"alignnone size-full wp-image-1716\" src=\"https:\/\/lesjeuxdecarnito.com\/wp-content\/uploads\/2024\/04\/IMG_0135.jpeg\" alt=\"\" width=\"75\" height=\"75\" srcset=\"https:\/\/lesjeuxdecarnito.com\/wp-content\/uploads\/2024\/04\/IMG_0135.jpeg 300w, https:\/\/lesjeuxdecarnito.com\/wp-content\/uploads\/2024\/04\/IMG_0135-150x150.jpeg 150w, https:\/\/lesjeuxdecarnito.com\/wp-content\/uploads\/2024\/04\/IMG_0135-100x100.jpeg 100w\" sizes=\"(max-width: 75px) 100vw, 75px\" \/> <img loading=\"lazy\" decoding=\"async\" class=\"alignnone size-full wp-image-1718\" src=\"https:\/\/lesjeuxdecarnito.com\/wp-content\/uploads\/2024\/04\/IMG_0129.jpeg\" alt=\"\" width=\"75\" height=\"75\" srcset=\"https:\/\/lesjeuxdecarnito.com\/wp-content\/uploads\/2024\/04\/IMG_0129.jpeg 300w, https:\/\/lesjeuxdecarnito.com\/wp-content\/uploads\/2024\/04\/IMG_0129-150x150.jpeg 150w, https:\/\/lesjeuxdecarnito.com\/wp-content\/uploads\/2024\/04\/IMG_0129-100x100.jpeg 100w\" sizes=\"(max-width: 75px) 100vw, 75px\" \/> <img loading=\"lazy\" decoding=\"async\" class=\"alignnone size-full wp-image-1739\" src=\"https:\/\/lesjeuxdecarnito.com\/wp-content\/uploads\/2023\/03\/IMG_0411.jpeg\" alt=\"\" width=\"75\" height=\"75\" srcset=\"https:\/\/lesjeuxdecarnito.com\/wp-content\/uploads\/2023\/03\/IMG_0411.jpeg 300w, https:\/\/lesjeuxdecarnito.com\/wp-content\/uploads\/2023\/03\/IMG_0411-150x150.jpeg 150w, https:\/\/lesjeuxdecarnito.com\/wp-content\/uploads\/2023\/03\/IMG_0411-100x100.jpeg 100w\" sizes=\"(max-width: 75px) 100vw, 75px\" \/> <img loading=\"lazy\" decoding=\"async\" class=\"alignnone size-full wp-image-1727\" src=\"https:\/\/lesjeuxdecarnito.com\/wp-content\/uploads\/2024\/04\/IMG_0145.jpeg\" alt=\"\" width=\"75\" height=\"75\" srcset=\"https:\/\/lesjeuxdecarnito.com\/wp-content\/uploads\/2024\/04\/IMG_0145.jpeg 300w, https:\/\/lesjeuxdecarnito.com\/wp-content\/uploads\/2024\/04\/IMG_0145-150x150.jpeg 150w, https:\/\/lesjeuxdecarnito.com\/wp-content\/uploads\/2024\/04\/IMG_0145-100x100.jpeg 100w\" sizes=\"(max-width: 75px) 100vw, 75px\" \/> <img loading=\"lazy\" decoding=\"async\" class=\"alignnone size-full wp-image-1721\" src=\"https:\/\/lesjeuxdecarnito.com\/wp-content\/uploads\/2023\/03\/IMG_0142.jpeg\" alt=\"\" width=\"75\" height=\"75\" srcset=\"https:\/\/lesjeuxdecarnito.com\/wp-content\/uploads\/2023\/03\/IMG_0142.jpeg 300w, https:\/\/lesjeuxdecarnito.com\/wp-content\/uploads\/2023\/03\/IMG_0142-150x150.jpeg 150w, https:\/\/lesjeuxdecarnito.com\/wp-content\/uploads\/2023\/03\/IMG_0142-100x100.jpeg 100w\" sizes=\"(max-width: 75px) 100vw, 75px\" \/><br \/>\nD\u00e9couvrez notre version \u00e0 4 joueurs du c\u00e9l\u00e8bre jeu Tiki Toss, que le Dr. Carnito aime appeler &#8220;L&#8217;Anneaut\u00e9 de Pr\u00e9cision&#8221; en fran\u00e7ais. C&#8217;est un ajout incontournable \u00e0 tout rassemblement en plein air, bien qu&#8217;il puisse \u00e9galement apporter du plaisir \u00e0 l&#8217;int\u00e9rieur, \u00e0 condition d&#8217;avoir une hauteur de plafond minimale de 12 pieds.<\/p>\n<p>Le concept de l&#8217;Anneaut\u00e9 et du lancer de tiki est facile \u00e0 comprendre, mais la ma\u00eetrise demande de la pr\u00e9cision. L&#8217;objectif du jeu est simple : faites balancer l&#8217;anneau et visez habilement pour le poser parfaitement sur le crochet.<br \/>\nAvec son gameplay addictif et multijoueur, ainsi que sa capacit\u00e9 \u00e0 \u00eatre rejou\u00e9 ind\u00e9finiment, Tiki Toss est s\u00fbr de divertir et de captiver tous vos invit\u00e9s. Pr\u00e9parez-vous \u00e0 des heures de comp\u00e9tition amicale et du plaisir assur\u00e9 !<\/p>\n","protected":false},"featured_media":1814,"comment_status":"open","ping_status":"closed","template":"","meta":{"_et_pb_use_builder":"","_et_pb_old_content":"","_et_gb_content_width":""},"product_brand":[],"product_cat":[96,22,20,91,46,48,49,27],"product_tag":[],"class_list":{"0":"post-1623","1":"product","2":"type-product","3":"status-publish","4":"has-post-thumbnail","6":"product_cat-central","7":"product_cat-competitive-fun","8":"product_cat-carnitos-exclusive","9":"product_cat-jeux","10":"product_cat-multi-2","11":"product_cat-multi-3","12":"product_cat-multi-4","13":"product_cat-multi-player","15":"first","16":"instock","17":"featured","18":"taxable","19":"shipping-taxable","20":"purchasable","21":"product-type-simple"},"_links":{"self":[{"href":"https:\/\/lesjeuxdecarnito.com\/en\/wp-json\/wp\/v2\/product\/1623","targetHints":{"allow":["GET"]}}],"collection":[{"href":"https:\/\/lesjeuxdecarnito.com\/en\/wp-json\/wp\/v2\/product"}],"about":[{"href":"https:\/\/lesjeuxdecarnito.com\/en\/wp-json\/wp\/v2\/types\/product"}],"replies":[{"embeddable":true,"href":"https:\/\/lesjeuxdecarnito.com\/en\/wp-json\/wp\/v2\/comments?post=1623"}],"wp:featuredmedia":[{"embeddable":true,"href":"https:\/\/lesjeuxdecarnito.com\/en\/wp-json\/wp\/v2\/media\/1814"}],"wp:attachment":[{"href":"https:\/\/lesjeuxdecarnito.com\/en\/wp-json\/wp\/v2\/media?parent=1623"}],"wp:term":[{"taxonomy":"product_brand","embeddable":true,"href":"https:\/\/lesjeuxdecarnito.com\/en\/wp-json\/wp\/v2\/product_brand?post=1623"},{"taxonomy":"product_cat","embeddable":true,"href":"https:\/\/lesjeuxdecarnito.com\/en\/wp-json\/wp\/v2\/product_cat?post=1623"},{"taxonomy":"product_tag","embeddable":true,"href":"https:\/\/lesjeuxdecarnito.com\/en\/wp-json\/wp\/v2\/product_tag?post=1623"}],"curies":[{"name":"wp","href":"https:\/\/api.w.org\/{rel}","templated":true}]}}