{"id":1670,"date":"2024-04-14T03:22:49","date_gmt":"2024-04-14T03:22:49","guid":{"rendered":"https:\/\/lesjeuxdecarnito.com\/?post_type=product&#038;p=1670"},"modified":"2024-11-07T21:08:59","modified_gmt":"2024-11-07T21:08:59","slug":"fontaine-igloo-10-gallons","status":"publish","type":"product","link":"https:\/\/lesjeuxdecarnito.com\/en\/produit\/fontaine-igloo-10-gallons","title":{"rendered":"Fontaine Igloo 10 gallons"},"content":{"rendered":"<p>*Prenez note que ce tarif inclus des frais de livraison, manutention, montage et d\u00e9montage \u00e9valu\u00e9 9$ plus taxes (secteur ville de Rivi\u00e8re-du-Loup seulement).<br \/>\n*Pour les livraisons \u00e0 l\u2019ext\u00e9rieur de Rivi\u00e8re-du-Loup, un frais fixe en fonction du kilom\u00e9trage s\u2019applique. SVP ajouter l\u2019item \u00e0 votre panier et mentionner votre adresse ou code postal \u00e0 notre calculateur automatique.<\/p>\n","protected":false},"excerpt":{"rendered":"<p><img loading=\"lazy\" decoding=\"async\" src=\"https:\/\/lesjeuxdecarnito.com\/wp-content\/uploads\/2024\/04\/IMG_0146.jpeg\" alt=\"\" width=\"75\" height=\"75\" class=\"alignnone size-full wp-image-1729\" srcset=\"https:\/\/lesjeuxdecarnito.com\/wp-content\/uploads\/2024\/04\/IMG_0146.jpeg 300w, https:\/\/lesjeuxdecarnito.com\/wp-content\/uploads\/2024\/04\/IMG_0146-150x150.jpeg 150w, https:\/\/lesjeuxdecarnito.com\/wp-content\/uploads\/2024\/04\/IMG_0146-100x100.jpeg 100w\" sizes=\"(max-width: 75px) 100vw, 75px\" \/><br \/>\n\ud83e\udd64 Rafra\u00eechissez vos \u00e9v\u00e9nements en plein air avec notre glaci\u00e8re fontaine de 10 gallons, dot\u00e9e d&#8217;un porte-gobelet pratique inclus !<br \/>\nId\u00e9ale pour les f\u00eates, les barbecues, les pique-niques et les rassemblements en ext\u00e9rieur, cette glaci\u00e8re fontaine offre une solution pratique et \u00e9l\u00e9gante pour garder vos boissons fra\u00eeches et \u00e0 port\u00e9e de main. Avec sa capacit\u00e9 g\u00e9n\u00e9reuse et son design fonctionnel, elle est parfaite pour servir une grande quantit\u00e9 de boissons fra\u00eeches.<br \/>\nLouez notre glaci\u00e8re fontaine d\u00e8s maintenant et assurez-vous que vos invit\u00e9s restent hydrat\u00e9s et satisfaits tout au long de votre \u00e9v\u00e9nement ! \ud83e\udd64\u2744\ufe0f<\/p>\n","protected":false},"featured_media":1671,"comment_status":"open","ping_status":"closed","template":"","meta":{"_et_pb_use_builder":"","_et_pb_old_content":"","_et_gb_content_width":""},"product_brand":[],"product_cat":[83],"product_tag":[],"class_list":{"0":"post-1670","1":"product","2":"type-product","3":"status-publish","4":"has-post-thumbnail","6":"product_cat-zone-culinaire-carniclusive","8":"first","9":"instock","10":"taxable","11":"shipping-taxable","12":"purchasable","13":"product-type-simple"},"_links":{"self":[{"href":"https:\/\/lesjeuxdecarnito.com\/en\/wp-json\/wp\/v2\/product\/1670","targetHints":{"allow":["GET"]}}],"collection":[{"href":"https:\/\/lesjeuxdecarnito.com\/en\/wp-json\/wp\/v2\/product"}],"about":[{"href":"https:\/\/lesjeuxdecarnito.com\/en\/wp-json\/wp\/v2\/types\/product"}],"replies":[{"embeddable":true,"href":"https:\/\/lesjeuxdecarnito.com\/en\/wp-json\/wp\/v2\/comments?post=1670"}],"wp:featuredmedia":[{"embeddable":true,"href":"https:\/\/lesjeuxdecarnito.com\/en\/wp-json\/wp\/v2\/media\/1671"}],"wp:attachment":[{"href":"https:\/\/lesjeuxdecarnito.com\/en\/wp-json\/wp\/v2\/media?parent=1670"}],"wp:term":[{"taxonomy":"product_brand","embeddable":true,"href":"https:\/\/lesjeuxdecarnito.com\/en\/wp-json\/wp\/v2\/product_brand?post=1670"},{"taxonomy":"product_cat","embeddable":true,"href":"https:\/\/lesjeuxdecarnito.com\/en\/wp-json\/wp\/v2\/product_cat?post=1670"},{"taxonomy":"product_tag","embeddable":true,"href":"https:\/\/lesjeuxdecarnito.com\/en\/wp-json\/wp\/v2\/product_tag?post=1670"}],"curies":[{"name":"wp","href":"https:\/\/api.w.org\/{rel}","templated":true}]}}