{"id":2501,"date":"2024-11-10T02:16:50","date_gmt":"2024-11-10T02:16:50","guid":{"rendered":"https:\/\/lesjeuxdecarnito.com\/?post_type=product&#038;p=2501"},"modified":"2024-11-10T19:36:36","modified_gmt":"2024-11-10T19:36:36","slug":"emsemble-bruleur-200k-btu","status":"publish","type":"product","link":"https:\/\/lesjeuxdecarnito.com\/en\/produit\/emsemble-bruleur-200k-btu","title":{"rendered":"Ensemble Br\u00fbleur 200k btu et Marmite 100L"},"content":{"rendered":"<p>*Prenez note que ce tarif inclus des frais de livraison, manutention, montage et d\u00e9montage \u00e9valu\u00e9 \u00e0 9$ plus taxes (secteur ville de Rivi\u00e8re-du-Loup seulement).<br \/>\n*Pour les livraisons \u00e0 l\u2019ext\u00e9rieur de Rivi\u00e8re-du-Loup, un frais fixe en fonction du kilom\u00e9trage s\u2019applique. SVP ajouter l\u2019item \u00e0 votre panier et mentionner votre adresse ou code postal \u00e0 notre calculateur automatique.<\/p>\n","protected":false},"excerpt":{"rendered":"<p><img loading=\"lazy\" decoding=\"async\" src=\"https:\/\/lesjeuxdecarnito.com\/wp-content\/uploads\/2024\/04\/IMG_0134.jpeg\" alt=\"\" width=\"75\" height=\"75\" class=\"alignnone size-full wp-image-1752\" srcset=\"https:\/\/lesjeuxdecarnito.com\/wp-content\/uploads\/2024\/04\/IMG_0134.jpeg 300w, https:\/\/lesjeuxdecarnito.com\/wp-content\/uploads\/2024\/04\/IMG_0134-150x150.jpeg 150w, https:\/\/lesjeuxdecarnito.com\/wp-content\/uploads\/2024\/04\/IMG_0134-100x100.jpeg 100w\" sizes=\"(max-width: 75px) 100vw, 75px\" \/> <img loading=\"lazy\" decoding=\"async\" src=\"https:\/\/lesjeuxdecarnito.com\/wp-content\/uploads\/2024\/04\/IMG_0146.jpeg\" alt=\"\" width=\"75\" height=\"75\" class=\"alignnone size-full wp-image-1729\" srcset=\"https:\/\/lesjeuxdecarnito.com\/wp-content\/uploads\/2024\/04\/IMG_0146.jpeg 300w, https:\/\/lesjeuxdecarnito.com\/wp-content\/uploads\/2024\/04\/IMG_0146-150x150.jpeg 150w, https:\/\/lesjeuxdecarnito.com\/wp-content\/uploads\/2024\/04\/IMG_0146-100x100.jpeg 100w\" sizes=\"(max-width: 75px) 100vw, 75px\" \/><br \/>\n\ud83d\udd25 Pr\u00e9parez de d\u00e9licieux festins en plein air avec notre ensemble br\u00fbleur propane haut rendement de 200 000 BTU, accompagn\u00e9 d&#8217;une marmite de tr\u00e8s grand format de 100 litres et d&#8217;une passoire, parfait pour l&#8217;\u00e9pluchette de bl\u00e9 d&#8217;inde et la cuisson des fruits de mer \u00e0 grande \u00e9chelle ! Con\u00e7u pour les \u00e9v\u00e9nements en plein air, les festivals culinaires ou les r\u00e9ceptions de groupe, cet ensemble garantit une cuisson rapide et efficace, permettant de servir des plats savoureux \u00e0 une foule affam\u00e9e. Avec sa capacit\u00e9 g\u00e9n\u00e9reuse et sa puissance impressionnante, notre ensemble br\u00fbleur propane est l&#8217;outil indispensable pour tout amateur de cuisine en ext\u00e9rieur. Louez-le d\u00e8s maintenant et pr\u00e9parez-vous \u00e0 ravir vos invit\u00e9s avec des mets d\u00e9licieux et authentiques qui feront de votre \u00e9v\u00e9nement un succ\u00e8s m\u00e9morable ! \ud83d\udd25\ud83c\udf3d\ud83e\udd9e<\/p>\n","protected":false},"featured_media":2502,"comment_status":"open","ping_status":"closed","template":"","meta":{"_et_pb_use_builder":"","_et_pb_old_content":"","_et_gb_content_width":""},"product_brand":[],"product_cat":[53,83],"product_tag":[],"class_list":{"0":"post-2501","1":"product","2":"type-product","3":"status-publish","4":"has-post-thumbnail","6":"product_cat-equipements-installations","7":"product_cat-zone-culinaire-carniclusive","9":"first","10":"instock","11":"taxable","12":"shipping-taxable","13":"purchasable","14":"product-type-simple"},"_links":{"self":[{"href":"https:\/\/lesjeuxdecarnito.com\/en\/wp-json\/wp\/v2\/product\/2501","targetHints":{"allow":["GET"]}}],"collection":[{"href":"https:\/\/lesjeuxdecarnito.com\/en\/wp-json\/wp\/v2\/product"}],"about":[{"href":"https:\/\/lesjeuxdecarnito.com\/en\/wp-json\/wp\/v2\/types\/product"}],"replies":[{"embeddable":true,"href":"https:\/\/lesjeuxdecarnito.com\/en\/wp-json\/wp\/v2\/comments?post=2501"}],"wp:featuredmedia":[{"embeddable":true,"href":"https:\/\/lesjeuxdecarnito.com\/en\/wp-json\/wp\/v2\/media\/2502"}],"wp:attachment":[{"href":"https:\/\/lesjeuxdecarnito.com\/en\/wp-json\/wp\/v2\/media?parent=2501"}],"wp:term":[{"taxonomy":"product_brand","embeddable":true,"href":"https:\/\/lesjeuxdecarnito.com\/en\/wp-json\/wp\/v2\/product_brand?post=2501"},{"taxonomy":"product_cat","embeddable":true,"href":"https:\/\/lesjeuxdecarnito.com\/en\/wp-json\/wp\/v2\/product_cat?post=2501"},{"taxonomy":"product_tag","embeddable":true,"href":"https:\/\/lesjeuxdecarnito.com\/en\/wp-json\/wp\/v2\/product_tag?post=2501"}],"curies":[{"name":"wp","href":"https:\/\/api.w.org\/{rel}","templated":true}]}}