{"id":2528,"date":"2024-11-10T05:28:02","date_gmt":"2024-11-10T05:28:02","guid":{"rendered":"https:\/\/lesjeuxdecarnito.com\/?post_type=product&#038;p=2528"},"modified":"2024-11-11T01:39:27","modified_gmt":"2024-11-11T01:39:27","slug":"camera-bodycam","status":"publish","type":"product","link":"https:\/\/lesjeuxdecarnito.com\/en\/produit\/camera-bodycam","title":{"rendered":"Camera Bodycam"},"content":{"rendered":"<p>*Prenez note que ce tarif inclus des frais de livraison, manutention, montage et d\u00e9montage (secteur ville de Rivi\u00e8re-du-Loup seulement).<br \/>\n*Pour les livraisons \u00e0 l\u2019ext\u00e9rieur de Rivi\u00e8re-du-Loup, un frais fixe en fonction du kilom\u00e9trage s\u2019applique. SVP ajouter l\u2019item \u00e0 votre panier et mentionner votre adresse ou code postal \u00e0 notre calculateur automatique.<\/p>\n","protected":false},"excerpt":{"rendered":"<p><img loading=\"lazy\" decoding=\"async\" src=\"https:\/\/lesjeuxdecarnito.com\/wp-content\/uploads\/2024\/04\/IMG_0134.jpeg\" alt=\"\" width=\"75\" height=\"75\" class=\"alignnone size-full wp-image-1752\" srcset=\"https:\/\/lesjeuxdecarnito.com\/wp-content\/uploads\/2024\/04\/IMG_0134.jpeg 300w, https:\/\/lesjeuxdecarnito.com\/wp-content\/uploads\/2024\/04\/IMG_0134-150x150.jpeg 150w, https:\/\/lesjeuxdecarnito.com\/wp-content\/uploads\/2024\/04\/IMG_0134-100x100.jpeg 100w\" sizes=\"(max-width: 75px) 100vw, 75px\" \/> <img loading=\"lazy\" decoding=\"async\" src=\"https:\/\/lesjeuxdecarnito.com\/wp-content\/uploads\/2024\/04\/IMG_0124.jpeg\" alt=\"\" width=\"75\" height=\"75\" class=\"alignnone size-full wp-image-1778\" srcset=\"https:\/\/lesjeuxdecarnito.com\/wp-content\/uploads\/2024\/04\/IMG_0124.jpeg 300w, https:\/\/lesjeuxdecarnito.com\/wp-content\/uploads\/2024\/04\/IMG_0124-150x150.jpeg 150w, https:\/\/lesjeuxdecarnito.com\/wp-content\/uploads\/2024\/04\/IMG_0124-100x100.jpeg 100w\" sizes=\"(max-width: 75px) 100vw, 75px\" \/><br \/>\n\ud83c\udfa5 Gardez un \u0153il vigilant dans toutes les situations gr\u00e2ce \u00e0 notre cam\u00e9ra de type body-cam, offrant une r\u00e9solution 1080p et une vision nocturne de 25 pieds ! Parfaitement adapt\u00e9e \u00e0 des fins de s\u00e9curit\u00e9 lors d&#8217;\u00e9v\u00e9nements, de rencontres ou de manifestations, cette cam\u00e9ra vous assure une documentation fiable et pr\u00e9cise en cas de besoin. Que ce soit pour fournir des preuves en cas d&#8217;accident de voiture, pour surveiller les interactions lors de rencontres professionnelles ou pour assurer la s\u00e9curit\u00e9 lors d&#8217;\u00e9v\u00e9nements publics, notre cam\u00e9ra body-cam est l&#8217;outil de confiance pour capturer chaque instant avec clart\u00e9 et fiabilit\u00e9. Louez-la d\u00e8s maintenant et prot\u00e9gez-vous avec une surveillance vid\u00e9o et sonore de qualit\u00e9 ! \ud83c\udfa5\ud83d\udd12<\/p>\n<p>***Prix de location :<br \/>\n19$ par jour<br \/>\n39$ pour 3 jours<\/p>\n","protected":false},"featured_media":2529,"comment_status":"open","ping_status":"closed","template":"","meta":{"_et_pb_use_builder":"","_et_pb_old_content":"","_et_gb_content_width":""},"product_brand":[],"product_cat":[104,53],"product_tag":[],"class_list":{"0":"post-2528","1":"product","2":"type-product","3":"status-publish","4":"has-post-thumbnail","6":"product_cat-electrocarnitronique","7":"product_cat-equipements-installations","9":"first","10":"instock","11":"taxable","12":"shipping-taxable","13":"purchasable","14":"product-type-simple"},"_links":{"self":[{"href":"https:\/\/lesjeuxdecarnito.com\/en\/wp-json\/wp\/v2\/product\/2528","targetHints":{"allow":["GET"]}}],"collection":[{"href":"https:\/\/lesjeuxdecarnito.com\/en\/wp-json\/wp\/v2\/product"}],"about":[{"href":"https:\/\/lesjeuxdecarnito.com\/en\/wp-json\/wp\/v2\/types\/product"}],"replies":[{"embeddable":true,"href":"https:\/\/lesjeuxdecarnito.com\/en\/wp-json\/wp\/v2\/comments?post=2528"}],"wp:featuredmedia":[{"embeddable":true,"href":"https:\/\/lesjeuxdecarnito.com\/en\/wp-json\/wp\/v2\/media\/2529"}],"wp:attachment":[{"href":"https:\/\/lesjeuxdecarnito.com\/en\/wp-json\/wp\/v2\/media?parent=2528"}],"wp:term":[{"taxonomy":"product_brand","embeddable":true,"href":"https:\/\/lesjeuxdecarnito.com\/en\/wp-json\/wp\/v2\/product_brand?post=2528"},{"taxonomy":"product_cat","embeddable":true,"href":"https:\/\/lesjeuxdecarnito.com\/en\/wp-json\/wp\/v2\/product_cat?post=2528"},{"taxonomy":"product_tag","embeddable":true,"href":"https:\/\/lesjeuxdecarnito.com\/en\/wp-json\/wp\/v2\/product_tag?post=2528"}],"curies":[{"name":"wp","href":"https:\/\/api.w.org\/{rel}","templated":true}]}}