{"id":467,"date":"2023-04-04T05:08:25","date_gmt":"2023-04-04T05:08:25","guid":{"rendered":"https:\/\/lesjeuxdecarnito.com\/?post_type=product&#038;p=467"},"modified":"2025-03-23T11:56:28","modified_gmt":"2025-03-23T15:56:28","slug":"carnito-et-les-ballons-dhelium","status":"publish","type":"product","link":"https:\/\/lesjeuxdecarnito.com\/en\/produit\/carnito-et-les-ballons-dhelium","title":{"rendered":"Carnito et les ballons d&#8217;h\u00e9lium"},"content":{"rendered":"","protected":false},"excerpt":{"rendered":"<p><img loading=\"lazy\" decoding=\"async\" src=\"https:\/\/lesjeuxdecarnito.com\/wp-content\/uploads\/2023\/04\/IMG_0030-300x300.png\" alt=\"\" width=\"75\" height=\"75\" class=\"alignnone size-medium wp-image-1805\" \/> <img loading=\"lazy\" decoding=\"async\" src=\"https:\/\/lesjeuxdecarnito.com\/wp-content\/uploads\/2023\/05\/IMG_0136.jpeg\" alt=\"\" width=\"75\" height=\"75\" class=\"alignnone size-full wp-image-1784\" srcset=\"https:\/\/lesjeuxdecarnito.com\/wp-content\/uploads\/2023\/05\/IMG_0136.jpeg 300w, https:\/\/lesjeuxdecarnito.com\/wp-content\/uploads\/2023\/05\/IMG_0136-150x150.jpeg 150w, https:\/\/lesjeuxdecarnito.com\/wp-content\/uploads\/2023\/05\/IMG_0136-100x100.jpeg 100w\" sizes=\"(max-width: 75px) 100vw, 75px\" \/> <img loading=\"lazy\" decoding=\"async\" src=\"https:\/\/lesjeuxdecarnito.com\/wp-content\/uploads\/2023\/04\/IMG_0148.jpeg\" alt=\"\" width=\"75\" height=\"75\" class=\"alignnone size-full wp-image-1807\" srcset=\"https:\/\/lesjeuxdecarnito.com\/wp-content\/uploads\/2023\/04\/IMG_0148.jpeg 300w, https:\/\/lesjeuxdecarnito.com\/wp-content\/uploads\/2023\/04\/IMG_0148-150x150.jpeg 150w, https:\/\/lesjeuxdecarnito.com\/wp-content\/uploads\/2023\/04\/IMG_0148-100x100.jpeg 100w\" sizes=\"(max-width: 75px) 100vw, 75px\" \/><br \/>\nLe Dr. Carnito LePro, le personnage embl\u00e9matique de l&#8217;entreprise Les Jeux de Carnito, pourrait appara\u00eetre avec \u00e9l\u00e9gance lors de votre prochain \u00e9v\u00e9nement. Il adore tellement les ballons gonfl\u00e9s \u00e0 l&#8217;h\u00e9lium qu&#8217;il veille \u00e0 en emporter pour chaque invit\u00e9, cr\u00e9ant ainsi une exp\u00e9rience exceptionnelle.<\/p>\n<p>Jeunes et moins jeunes seront enchant\u00e9s de passer du temps avec le plus grand ing\u00e9nieur en jeux de carnaval des environs et son costume charmant ne manquera pas de plaire et d&#8217;intriguer les gens pr\u00e9sents. Carnito LePro d\u00e9tient les cl\u00e9s de tous les jeux et ses m\u00e9thodes sont renomm\u00e9es dans tout l&#8217;univers des Carnavals.<\/p>\n<p>Profitez de cette occasion pour rafra\u00eechir votre album photo et partager vos id\u00e9es avec lui. Qui sait, il pourrait m\u00eame cr\u00e9er un jeu de carnaval sur mesure \u00e0 votre image.<\/p>\n<p>Le Dr. Carnito LePro est un passionn\u00e9 des jeux de carnaval ! Si vous aimeriez qu&#8217;il soit pr\u00e9sent \u00e0 votre \u00e9v\u00e9nement, assurez-vous d&#8217;avoir un minimum de 10 Jeux de Carnito d\u00e9j\u00e0 install\u00e9s dans la salle ou sur le terrain.<\/p>\n<p>Par sa pr\u00e9sence, le Dr. Carnito LePro pourrait apporter une touche f\u00e9\u00e9rique \u00e0 vos \u00e9v\u00e9nements corporatifs, activit\u00e9s scolaires, f\u00eates priv\u00e9es, festivals et plus.<\/p>\n<li>Pr\u00e9sence 1h : 149$<\/li>\n<li>Pr\u00e9sence 2h : 249$<\/li>\n<li>Pr\u00e9sence 3h : 349$<\/li>\n<\/ul>\n","protected":false},"featured_media":468,"comment_status":"open","ping_status":"closed","template":"","meta":{"_et_pb_use_builder":"","_et_pb_old_content":"","_et_gb_content_width":""},"product_brand":[],"product_cat":[51],"product_tag":[],"class_list":{"0":"post-467","1":"product","2":"type-product","3":"status-publish","4":"has-post-thumbnail","6":"product_cat-staff","8":"first","9":"instock","10":"taxable","11":"shipping-taxable","12":"product-type-simple"},"_links":{"self":[{"href":"https:\/\/lesjeuxdecarnito.com\/en\/wp-json\/wp\/v2\/product\/467","targetHints":{"allow":["GET"]}}],"collection":[{"href":"https:\/\/lesjeuxdecarnito.com\/en\/wp-json\/wp\/v2\/product"}],"about":[{"href":"https:\/\/lesjeuxdecarnito.com\/en\/wp-json\/wp\/v2\/types\/product"}],"replies":[{"embeddable":true,"href":"https:\/\/lesjeuxdecarnito.com\/en\/wp-json\/wp\/v2\/comments?post=467"}],"wp:featuredmedia":[{"embeddable":true,"href":"https:\/\/lesjeuxdecarnito.com\/en\/wp-json\/wp\/v2\/media\/468"}],"wp:attachment":[{"href":"https:\/\/lesjeuxdecarnito.com\/en\/wp-json\/wp\/v2\/media?parent=467"}],"wp:term":[{"taxonomy":"product_brand","embeddable":true,"href":"https:\/\/lesjeuxdecarnito.com\/en\/wp-json\/wp\/v2\/product_brand?post=467"},{"taxonomy":"product_cat","embeddable":true,"href":"https:\/\/lesjeuxdecarnito.com\/en\/wp-json\/wp\/v2\/product_cat?post=467"},{"taxonomy":"product_tag","embeddable":true,"href":"https:\/\/lesjeuxdecarnito.com\/en\/wp-json\/wp\/v2\/product_tag?post=467"}],"curies":[{"name":"wp","href":"https:\/\/api.w.org\/{rel}","templated":true}]}}