{"id":58,"date":"2023-03-17T04:32:48","date_gmt":"2023-03-17T04:32:48","guid":{"rendered":"https:\/\/lesjeuxdecarnito.com\/?post_type=product&#038;p=58"},"modified":"2024-12-18T05:02:38","modified_gmt":"2024-12-18T05:02:38","slug":"wiffle-ball-toss","status":"publish","type":"product","link":"https:\/\/lesjeuxdecarnito.com\/en\/produit\/wiffle-ball-toss","title":{"rendered":"TABLE DE LANC\u00c9E DE BALLE TROU\u00c9E"},"content":{"rendered":"<p>*Prenez note que ce tarif inclus des frais de livraison, manutention, montage et d\u00e9montage \u00e9valu\u00e9 \u00e0 129$ plus taxes (secteur ville de Rivi\u00e8re-du-Loup seulement).<br \/>\n*Pour les livraisons \u00e0 l\u2019ext\u00e9rieur de Rivi\u00e8re-du-Loup, un frais fixe en fonction du kilom\u00e9trage s\u2019applique. SVP ajouter l\u2019item \u00e0 votre panier et mentionner votre adresse ou code postal \u00e0 notre calculateur automatique.<\/p>\n","protected":false},"excerpt":{"rendered":"<p><img loading=\"lazy\" decoding=\"async\" src=\"https:\/\/lesjeuxdecarnito.com\/wp-content\/uploads\/2024\/04\/IMG_0128.jpeg\" alt=\"\" width=\"75\" height=\"75\" class=\"alignnone size-full wp-image-1723\" srcset=\"https:\/\/lesjeuxdecarnito.com\/wp-content\/uploads\/2024\/04\/IMG_0128.jpeg 300w, https:\/\/lesjeuxdecarnito.com\/wp-content\/uploads\/2024\/04\/IMG_0128-150x150.jpeg 150w, https:\/\/lesjeuxdecarnito.com\/wp-content\/uploads\/2024\/04\/IMG_0128-100x100.jpeg 100w\" sizes=\"(max-width: 75px) 100vw, 75px\" \/> <img loading=\"lazy\" decoding=\"async\" src=\"https:\/\/lesjeuxdecarnito.com\/wp-content\/uploads\/2023\/03\/IMG_0411.jpeg\" alt=\"\" width=\"75\" height=\"75\" class=\"alignnone size-full wp-image-1739\" srcset=\"https:\/\/lesjeuxdecarnito.com\/wp-content\/uploads\/2023\/03\/IMG_0411.jpeg 300w, https:\/\/lesjeuxdecarnito.com\/wp-content\/uploads\/2023\/03\/IMG_0411-150x150.jpeg 150w, https:\/\/lesjeuxdecarnito.com\/wp-content\/uploads\/2023\/03\/IMG_0411-100x100.jpeg 100w\" sizes=\"(max-width: 75px) 100vw, 75px\" \/> <img loading=\"lazy\" decoding=\"async\" src=\"https:\/\/lesjeuxdecarnito.com\/wp-content\/uploads\/2023\/03\/IMG_0130.jpeg\" alt=\"\" width=\"75\" height=\"75\" class=\"alignnone size-full wp-image-1743\" srcset=\"https:\/\/lesjeuxdecarnito.com\/wp-content\/uploads\/2023\/03\/IMG_0130.jpeg 300w, https:\/\/lesjeuxdecarnito.com\/wp-content\/uploads\/2023\/03\/IMG_0130-150x150.jpeg 150w, https:\/\/lesjeuxdecarnito.com\/wp-content\/uploads\/2023\/03\/IMG_0130-100x100.jpeg 100w\" sizes=\"(max-width: 75px) 100vw, 75px\" \/> <img loading=\"lazy\" decoding=\"async\" src=\"https:\/\/lesjeuxdecarnito.com\/wp-content\/uploads\/2024\/04\/IMG_0145.jpeg\" alt=\"\" width=\"75\" height=\"75\" class=\"alignnone size-full wp-image-1727\" srcset=\"https:\/\/lesjeuxdecarnito.com\/wp-content\/uploads\/2024\/04\/IMG_0145.jpeg 300w, https:\/\/lesjeuxdecarnito.com\/wp-content\/uploads\/2024\/04\/IMG_0145-150x150.jpeg 150w, https:\/\/lesjeuxdecarnito.com\/wp-content\/uploads\/2024\/04\/IMG_0145-100x100.jpeg 100w\" sizes=\"(max-width: 75px) 100vw, 75px\" \/> <img loading=\"lazy\" decoding=\"async\" src=\"https:\/\/lesjeuxdecarnito.com\/wp-content\/uploads\/2023\/03\/IMG_0143.jpeg\" alt=\"\" width=\"75\" height=\"75\" class=\"alignnone size-full wp-image-1750\" srcset=\"https:\/\/lesjeuxdecarnito.com\/wp-content\/uploads\/2023\/03\/IMG_0143.jpeg 300w, https:\/\/lesjeuxdecarnito.com\/wp-content\/uploads\/2023\/03\/IMG_0143-150x150.jpeg 150w, https:\/\/lesjeuxdecarnito.com\/wp-content\/uploads\/2023\/03\/IMG_0143-100x100.jpeg 100w\" sizes=\"(max-width: 75px) 100vw, 75px\" \/><br \/>\n\u00c0 la fois simple et captivant, le but est de lancer une balle de wiffleball et de la faire tenir en \u00e9quilibre sur les ronds de couleurs. Chaque participant joue avec une couleur diff\u00e9rente et obtient un nombre de balles d\u00e9sir\u00e9es. Prenez note que les ronds blancs sont trop grands et les balles tombent donc directement dans la table. Ce jeu de carnaval est tr\u00e8s populaire et un classique des f\u00eates foraines. Une lumi\u00e8re LED est install\u00e9e \u00e0 l&#8217;int\u00e9rieur de la table de jeu pour illuminer vos soir\u00e9es. Pour 1 \u00e0 5 joueurs. Pr\u00e9voir une rallonge \u00e9lectrique (possibilit\u00e9 de location). Option batterie 12 volts \u00e9galement disponible (frais suppl\u00e9mentaire).<\/p>\n<p>Inclus avec l&#8217;appareil d&#8217;amusement: 100 balles de wiffleball s\u00e9par\u00e9es en 5 couleurs avec 5 r\u00e9cipients et un bac de transport.<\/p>\n","protected":false},"featured_media":59,"comment_status":"open","ping_status":"closed","template":"","meta":{"_et_pb_use_builder":"","_et_pb_old_content":"","_et_gb_content_width":""},"product_brand":[],"product_cat":[96,29,23,91,50,27],"product_tag":[98],"class_list":{"0":"post-58","1":"product","2":"type-product","3":"status-publish","4":"has-post-thumbnail","6":"product_cat-central","7":"product_cat-carnival-classics","8":"product_cat-hard-addictive","9":"product_cat-jeux","10":"product_cat-multi-5","11":"product_cat-multi-player","12":"product_tag-l","13":"product_shipping_class-45","15":"first","16":"instock","17":"featured","18":"taxable","19":"shipping-taxable","20":"purchasable","21":"product-type-simple"},"_links":{"self":[{"href":"https:\/\/lesjeuxdecarnito.com\/en\/wp-json\/wp\/v2\/product\/58","targetHints":{"allow":["GET"]}}],"collection":[{"href":"https:\/\/lesjeuxdecarnito.com\/en\/wp-json\/wp\/v2\/product"}],"about":[{"href":"https:\/\/lesjeuxdecarnito.com\/en\/wp-json\/wp\/v2\/types\/product"}],"replies":[{"embeddable":true,"href":"https:\/\/lesjeuxdecarnito.com\/en\/wp-json\/wp\/v2\/comments?post=58"}],"wp:featuredmedia":[{"embeddable":true,"href":"https:\/\/lesjeuxdecarnito.com\/en\/wp-json\/wp\/v2\/media\/59"}],"wp:attachment":[{"href":"https:\/\/lesjeuxdecarnito.com\/en\/wp-json\/wp\/v2\/media?parent=58"}],"wp:term":[{"taxonomy":"product_brand","embeddable":true,"href":"https:\/\/lesjeuxdecarnito.com\/en\/wp-json\/wp\/v2\/product_brand?post=58"},{"taxonomy":"product_cat","embeddable":true,"href":"https:\/\/lesjeuxdecarnito.com\/en\/wp-json\/wp\/v2\/product_cat?post=58"},{"taxonomy":"product_tag","embeddable":true,"href":"https:\/\/lesjeuxdecarnito.com\/en\/wp-json\/wp\/v2\/product_tag?post=58"}],"curies":[{"name":"wp","href":"https:\/\/api.w.org\/{rel}","templated":true}]}}