{"id":62,"date":"2023-03-17T04:52:03","date_gmt":"2023-03-17T04:52:03","guid":{"rendered":"https:\/\/lesjeuxdecarnito.com\/?post_type=product&#038;p=62"},"modified":"2025-01-14T02:39:46","modified_gmt":"2025-01-14T02:39:46","slug":"chicken-launcher","status":"publish","type":"product","link":"https:\/\/lesjeuxdecarnito.com\/en\/produit\/chicken-launcher","title":{"rendered":"CATAPULTAGE DE POULETS"},"content":{"rendered":"<p>*Prenez note que ce tarif inclus des frais de livraison, manutention, montage et d\u00e9montage \u00e9valu\u00e9 \u00e0 89$ plus taxes (secteur ville de Rivi\u00e8re-du-Loup seulement).<br \/>\n*Pour les livraisons \u00e0 l\u2019ext\u00e9rieur de Rivi\u00e8re-du-Loup, un frais fixe en fonction du kilom\u00e9trage s\u2019applique. SVP ajouter l\u2019item \u00e0 votre panier et mentionner votre adresse ou code postal \u00e0 notre calculateur automatique.<\/p>\n","protected":false},"excerpt":{"rendered":"<p><img loading=\"lazy\" decoding=\"async\" class=\"alignnone size-full wp-image-1723\" src=\"https:\/\/lesjeuxdecarnito.com\/wp-content\/uploads\/2024\/04\/IMG_0128.jpeg\" alt=\"\" width=\"75\" height=\"75\" srcset=\"https:\/\/lesjeuxdecarnito.com\/wp-content\/uploads\/2024\/04\/IMG_0128.jpeg 300w, https:\/\/lesjeuxdecarnito.com\/wp-content\/uploads\/2024\/04\/IMG_0128-150x150.jpeg 150w, https:\/\/lesjeuxdecarnito.com\/wp-content\/uploads\/2024\/04\/IMG_0128-100x100.jpeg 100w\" sizes=\"(max-width: 75px) 100vw, 75px\" \/> <img loading=\"lazy\" decoding=\"async\" class=\"alignnone size-full wp-image-1716\" src=\"https:\/\/lesjeuxdecarnito.com\/wp-content\/uploads\/2024\/04\/IMG_0135.jpeg\" alt=\"\" width=\"75\" height=\"75\" srcset=\"https:\/\/lesjeuxdecarnito.com\/wp-content\/uploads\/2024\/04\/IMG_0135.jpeg 300w, https:\/\/lesjeuxdecarnito.com\/wp-content\/uploads\/2024\/04\/IMG_0135-150x150.jpeg 150w, https:\/\/lesjeuxdecarnito.com\/wp-content\/uploads\/2024\/04\/IMG_0135-100x100.jpeg 100w\" sizes=\"(max-width: 75px) 100vw, 75px\" \/> <img loading=\"lazy\" decoding=\"async\" class=\"alignnone size-full wp-image-1718\" src=\"https:\/\/lesjeuxdecarnito.com\/wp-content\/uploads\/2024\/04\/IMG_0129.jpeg\" alt=\"\" width=\"75\" height=\"75\" srcset=\"https:\/\/lesjeuxdecarnito.com\/wp-content\/uploads\/2024\/04\/IMG_0129.jpeg 300w, https:\/\/lesjeuxdecarnito.com\/wp-content\/uploads\/2024\/04\/IMG_0129-150x150.jpeg 150w, https:\/\/lesjeuxdecarnito.com\/wp-content\/uploads\/2024\/04\/IMG_0129-100x100.jpeg 100w\" sizes=\"(max-width: 75px) 100vw, 75px\" \/> <img loading=\"lazy\" decoding=\"async\" class=\"alignnone size-full wp-image-1739\" src=\"https:\/\/lesjeuxdecarnito.com\/wp-content\/uploads\/2023\/03\/IMG_0411.jpeg\" alt=\"\" width=\"75\" height=\"75\" srcset=\"https:\/\/lesjeuxdecarnito.com\/wp-content\/uploads\/2023\/03\/IMG_0411.jpeg 300w, https:\/\/lesjeuxdecarnito.com\/wp-content\/uploads\/2023\/03\/IMG_0411-150x150.jpeg 150w, https:\/\/lesjeuxdecarnito.com\/wp-content\/uploads\/2023\/03\/IMG_0411-100x100.jpeg 100w\" sizes=\"(max-width: 75px) 100vw, 75px\" \/> <img loading=\"lazy\" decoding=\"async\" class=\"alignnone size-full wp-image-1727\" src=\"https:\/\/lesjeuxdecarnito.com\/wp-content\/uploads\/2024\/04\/IMG_0145.jpeg\" alt=\"\" width=\"75\" height=\"75\" srcset=\"https:\/\/lesjeuxdecarnito.com\/wp-content\/uploads\/2024\/04\/IMG_0145.jpeg 300w, https:\/\/lesjeuxdecarnito.com\/wp-content\/uploads\/2024\/04\/IMG_0145-150x150.jpeg 150w, https:\/\/lesjeuxdecarnito.com\/wp-content\/uploads\/2024\/04\/IMG_0145-100x100.jpeg 100w\" sizes=\"(max-width: 75px) 100vw, 75px\" \/> <img loading=\"lazy\" decoding=\"async\" class=\"alignnone size-full wp-image-1721\" src=\"https:\/\/lesjeuxdecarnito.com\/wp-content\/uploads\/2023\/03\/IMG_0142.jpeg\" alt=\"\" width=\"75\" height=\"75\" srcset=\"https:\/\/lesjeuxdecarnito.com\/wp-content\/uploads\/2023\/03\/IMG_0142.jpeg 300w, https:\/\/lesjeuxdecarnito.com\/wp-content\/uploads\/2023\/03\/IMG_0142-150x150.jpeg 150w, https:\/\/lesjeuxdecarnito.com\/wp-content\/uploads\/2023\/03\/IMG_0142-100x100.jpeg 100w\" sizes=\"(max-width: 75px) 100vw, 75px\" \/> <img loading=\"lazy\" decoding=\"async\" class=\"alignnone size-full wp-image-1741\" src=\"https:\/\/lesjeuxdecarnito.com\/wp-content\/uploads\/2023\/03\/IMG_0144.jpeg\" alt=\"\" width=\"75\" height=\"75\" srcset=\"https:\/\/lesjeuxdecarnito.com\/wp-content\/uploads\/2023\/03\/IMG_0144.jpeg 300w, https:\/\/lesjeuxdecarnito.com\/wp-content\/uploads\/2023\/03\/IMG_0144-150x150.jpeg 150w, https:\/\/lesjeuxdecarnito.com\/wp-content\/uploads\/2023\/03\/IMG_0144-100x100.jpeg 100w\" sizes=\"(max-width: 75px) 100vw, 75px\" \/> <img loading=\"lazy\" decoding=\"async\" class=\"alignnone size-full wp-image-1765\" src=\"https:\/\/lesjeuxdecarnito.com\/wp-content\/uploads\/2023\/03\/IMG_0132.jpeg\" alt=\"\" width=\"75\" height=\"75\" srcset=\"https:\/\/lesjeuxdecarnito.com\/wp-content\/uploads\/2023\/03\/IMG_0132.jpeg 300w, https:\/\/lesjeuxdecarnito.com\/wp-content\/uploads\/2023\/03\/IMG_0132-150x150.jpeg 150w, https:\/\/lesjeuxdecarnito.com\/wp-content\/uploads\/2023\/03\/IMG_0132-100x100.jpeg 100w\" sizes=\"(max-width: 75px) 100vw, 75px\" \/><br \/>\nLe jeu du lancer du poulet est assur\u00e9ment un des pr\u00e9f\u00e9r\u00e9s de tous. \u00c0 l&#8217;aide de catapulte, les participants doivent faire atterrir leur poulet en caoutchouc dans les r\u00e9cipients de couleur de la table de jeu. Beaucoup de plaisir assur\u00e9! Plusieurs configurations possibles, de 1 \u00e0 8 joueurs.<\/p>\n<p>Inclus avec l&#8217;appareil d&#8217;amusement: Une catapulte, un maillet, 20 poulets en caoutchouc et un r\u00e9cipient par joueur.<\/p>\n","protected":false},"featured_media":63,"comment_status":"open","ping_status":"closed","template":"","meta":{"_et_pb_use_builder":"","_et_pb_old_content":"","_et_gb_content_width":""},"product_brand":[],"product_cat":[96,29,22,28,20,91,49,47,27],"product_tag":[98],"class_list":{"0":"post-62","1":"product","2":"type-product","3":"status-publish","4":"has-post-thumbnail","6":"product_cat-central","7":"product_cat-carnival-classics","8":"product_cat-competitive-fun","9":"product_cat-voted-favorite","10":"product_cat-carnitos-exclusive","11":"product_cat-jeux","12":"product_cat-multi-4","13":"product_cat-multi-8","14":"product_cat-multi-player","15":"product_tag-l","16":"product_shipping_class-45","18":"first","19":"instock","20":"featured","21":"taxable","22":"shipping-taxable","23":"purchasable","24":"product-type-simple"},"_links":{"self":[{"href":"https:\/\/lesjeuxdecarnito.com\/en\/wp-json\/wp\/v2\/product\/62","targetHints":{"allow":["GET"]}}],"collection":[{"href":"https:\/\/lesjeuxdecarnito.com\/en\/wp-json\/wp\/v2\/product"}],"about":[{"href":"https:\/\/lesjeuxdecarnito.com\/en\/wp-json\/wp\/v2\/types\/product"}],"replies":[{"embeddable":true,"href":"https:\/\/lesjeuxdecarnito.com\/en\/wp-json\/wp\/v2\/comments?post=62"}],"wp:featuredmedia":[{"embeddable":true,"href":"https:\/\/lesjeuxdecarnito.com\/en\/wp-json\/wp\/v2\/media\/63"}],"wp:attachment":[{"href":"https:\/\/lesjeuxdecarnito.com\/en\/wp-json\/wp\/v2\/media?parent=62"}],"wp:term":[{"taxonomy":"product_brand","embeddable":true,"href":"https:\/\/lesjeuxdecarnito.com\/en\/wp-json\/wp\/v2\/product_brand?post=62"},{"taxonomy":"product_cat","embeddable":true,"href":"https:\/\/lesjeuxdecarnito.com\/en\/wp-json\/wp\/v2\/product_cat?post=62"},{"taxonomy":"product_tag","embeddable":true,"href":"https:\/\/lesjeuxdecarnito.com\/en\/wp-json\/wp\/v2\/product_tag?post=62"}],"curies":[{"name":"wp","href":"https:\/\/api.w.org\/{rel}","templated":true}]}}