{"id":860,"date":"2023-04-21T07:13:22","date_gmt":"2023-04-21T07:13:22","guid":{"rendered":"https:\/\/lesjeuxdecarnito.com\/?post_type=product&#038;p=860"},"modified":"2024-11-06T07:15:31","modified_gmt":"2024-11-06T07:15:31","slug":"decorationcasino","status":"publish","type":"product","link":"https:\/\/lesjeuxdecarnito.com\/en\/produit\/decorationcasino","title":{"rendered":"D\u00e9coration Th\u00e9matique Casino"},"content":{"rendered":"<p>*Prenez note que des frais de livraison, manutention, montage et d\u00e9montage seront ajout\u00e9s, le cas \u00e9ch\u00e9ant.<br \/>\n*Pour les livraisons \u00e0 l\u2019ext\u00e9rieur de Rivi\u00e8re-du-Loup, un frais fixe en fonction du kilom\u00e9trage s\u2019applique. SVP ajouter l\u2019item \u00e0 votre panier et mentionner votre adresse ou code postal \u00e0 notre calculateur automatique.<\/p>\n","protected":false},"excerpt":{"rendered":"<p><img loading=\"lazy\" decoding=\"async\" src=\"https:\/\/lesjeuxdecarnito.com\/wp-content\/uploads\/2024\/11\/logo-gambling-saloon-300x169.png\" alt=\"\" width=\"100\" height=\"60\" class=\"alignnone size-medium wp-image-2117\" \/> <img loading=\"lazy\" decoding=\"async\" src=\"https:\/\/lesjeuxdecarnito.com\/wp-content\/uploads\/2023\/05\/IMG_0028-300x300.jpeg\" alt=\"\" width=\"75\" height=\"75\" class=\"alignnone size-medium wp-image-1733\" \/><\/p>\n<p>Notre ensemble de d\u00e9corations sur le th\u00e8me du casino, con\u00e7u pour ajouter une touche glamour et \u00e9l\u00e9gante aux soir\u00e9es du Carnivillia Gambling Saloon, est \u00e9galement disponible \u00e0 la location.<\/p>\n<p>Utilisez-le pour transformer le d\u00e9cor de votre salle lors de votre prochain \u00e9v\u00e9nement \u00e0 th\u00e9matique casino, et assurez-vous des photos m\u00e9morables avec, entre autres, nos photobooths uniques et nos personnages grandeur nature.<\/p>\n<p>Le lot comprend plus de 50 \u00e9l\u00e9ments de d\u00e9coration inspir\u00e9s de l\u2019univers du casino. <\/p>\n<p>Ajoutez une ambiance captivante et visuellement impressionnante \u00e0 votre \u00e9v\u00e9nement avec notre ensemble de d\u00e9corations exclusif. <\/p>\n<p>*** L\u2019installation et le d\u00e9montage n\u2019est pas inclus dans le prix de location.<\/p>\n","protected":false},"featured_media":2110,"comment_status":"open","ping_status":"closed","template":"","meta":{"_et_pb_use_builder":"","_et_pb_old_content":"","_et_gb_content_width":""},"product_brand":[],"product_cat":[86],"product_tag":[99],"class_list":{"0":"post-860","1":"product","2":"type-product","3":"status-publish","4":"has-post-thumbnail","6":"product_cat-casino-2","7":"product_tag-s","9":"first","10":"instock","11":"taxable","12":"shipping-taxable","13":"purchasable","14":"product-type-simple"},"_links":{"self":[{"href":"https:\/\/lesjeuxdecarnito.com\/en\/wp-json\/wp\/v2\/product\/860","targetHints":{"allow":["GET"]}}],"collection":[{"href":"https:\/\/lesjeuxdecarnito.com\/en\/wp-json\/wp\/v2\/product"}],"about":[{"href":"https:\/\/lesjeuxdecarnito.com\/en\/wp-json\/wp\/v2\/types\/product"}],"replies":[{"embeddable":true,"href":"https:\/\/lesjeuxdecarnito.com\/en\/wp-json\/wp\/v2\/comments?post=860"}],"wp:featuredmedia":[{"embeddable":true,"href":"https:\/\/lesjeuxdecarnito.com\/en\/wp-json\/wp\/v2\/media\/2110"}],"wp:attachment":[{"href":"https:\/\/lesjeuxdecarnito.com\/en\/wp-json\/wp\/v2\/media?parent=860"}],"wp:term":[{"taxonomy":"product_brand","embeddable":true,"href":"https:\/\/lesjeuxdecarnito.com\/en\/wp-json\/wp\/v2\/product_brand?post=860"},{"taxonomy":"product_cat","embeddable":true,"href":"https:\/\/lesjeuxdecarnito.com\/en\/wp-json\/wp\/v2\/product_cat?post=860"},{"taxonomy":"product_tag","embeddable":true,"href":"https:\/\/lesjeuxdecarnito.com\/en\/wp-json\/wp\/v2\/product_tag?post=860"}],"curies":[{"name":"wp","href":"https:\/\/api.w.org\/{rel}","templated":true}]}}