{"id":890,"date":"2023-04-26T06:10:34","date_gmt":"2023-04-26T06:10:34","guid":{"rendered":"https:\/\/lesjeuxdecarnito.com\/?post_type=product&#038;p=890"},"modified":"2024-11-10T19:23:38","modified_gmt":"2024-11-10T19:23:38","slug":"la-orange","status":"publish","type":"product","link":"https:\/\/lesjeuxdecarnito.com\/en\/produit\/la-orange","title":{"rendered":"Enseigne Mobile Orange"},"content":{"rendered":"","protected":false},"excerpt":{"rendered":"<p><img loading=\"lazy\" decoding=\"async\" src=\"https:\/\/lesjeuxdecarnito.com\/wp-content\/uploads\/2024\/04\/IMG_0134.jpeg\" alt=\"\" width=\"75\" height=\"75\" class=\"alignnone size-full wp-image-1752\" srcset=\"https:\/\/lesjeuxdecarnito.com\/wp-content\/uploads\/2024\/04\/IMG_0134.jpeg 300w, https:\/\/lesjeuxdecarnito.com\/wp-content\/uploads\/2024\/04\/IMG_0134-150x150.jpeg 150w, https:\/\/lesjeuxdecarnito.com\/wp-content\/uploads\/2024\/04\/IMG_0134-100x100.jpeg 100w\" sizes=\"(max-width: 75px) 100vw, 75px\" \/> <img loading=\"lazy\" decoding=\"async\" src=\"https:\/\/lesjeuxdecarnito.com\/wp-content\/uploads\/2023\/05\/IMG_0133.jpeg\" alt=\"\" width=\"75\" height=\"75\" class=\"alignnone size-full wp-image-1787\" srcset=\"https:\/\/lesjeuxdecarnito.com\/wp-content\/uploads\/2023\/05\/IMG_0133.jpeg 300w, https:\/\/lesjeuxdecarnito.com\/wp-content\/uploads\/2023\/05\/IMG_0133-150x150.jpeg 150w, https:\/\/lesjeuxdecarnito.com\/wp-content\/uploads\/2023\/05\/IMG_0133-100x100.jpeg 100w\" sizes=\"(max-width: 75px) 100vw, 75px\" \/> <img loading=\"lazy\" decoding=\"async\" src=\"https:\/\/lesjeuxdecarnito.com\/wp-content\/uploads\/2023\/04\/IMG_0148.jpeg\" alt=\"\" width=\"75\" height=\"75\" class=\"alignnone size-full wp-image-1807\" srcset=\"https:\/\/lesjeuxdecarnito.com\/wp-content\/uploads\/2023\/04\/IMG_0148.jpeg 300w, https:\/\/lesjeuxdecarnito.com\/wp-content\/uploads\/2023\/04\/IMG_0148-150x150.jpeg 150w, https:\/\/lesjeuxdecarnito.com\/wp-content\/uploads\/2023\/04\/IMG_0148-100x100.jpeg 100w\" sizes=\"(max-width: 75px) 100vw, 75px\" \/><br \/>\nEnseigne mobile orange et lumineuse de forme arrondie. Elle contient 4 lignes d\u2019affichages et mesure environ 5 pieds de haut par 10 pieds de largeur. De construction robuste, cette enseigne a subi une r\u00e9novation compl\u00e8te en 2022 et est maintenant pr\u00eate \u00e0 annoncer votre prochain \u00e9v\u00e9nement de jour comme de nuit (rallonge \u00e9lectrique requise (location disponible 20$\/semaine)).<\/p>\n<p>239$\/ 3 jours (minimum)<\/p>\n<p>269$\/ 7 jours<\/p>\n<p>349$\/ 14 jours<\/p>\n<p>489$\/ 28 jours<\/p>\n<p>***SVP noter que des frais de 89$ pour la livraison, le montage et le d\u00e9montage sont <strong>inclus<\/strong> dans les prix. Ville de RDL seulement!<\/p>\n<p>***Nous desservons la grande r\u00e9gion du KRTB. Des frais de livraison au kilom\u00e9trage s\u2019appliquent.<\/p>\n","protected":false},"featured_media":956,"comment_status":"open","ping_status":"closed","template":"","meta":{"_et_pb_use_builder":"","_et_pb_old_content":"","_et_gb_content_width":""},"product_brand":[],"product_cat":[84],"product_tag":[],"class_list":{"0":"post-890","1":"product","2":"type-product","3":"status-publish","4":"has-post-thumbnail","6":"product_cat-enseignes-mobiles","8":"first","9":"instock","10":"taxable","11":"shipping-taxable","12":"purchasable","13":"product-type-simple"},"_links":{"self":[{"href":"https:\/\/lesjeuxdecarnito.com\/en\/wp-json\/wp\/v2\/product\/890","targetHints":{"allow":["GET"]}}],"collection":[{"href":"https:\/\/lesjeuxdecarnito.com\/en\/wp-json\/wp\/v2\/product"}],"about":[{"href":"https:\/\/lesjeuxdecarnito.com\/en\/wp-json\/wp\/v2\/types\/product"}],"replies":[{"embeddable":true,"href":"https:\/\/lesjeuxdecarnito.com\/en\/wp-json\/wp\/v2\/comments?post=890"}],"wp:featuredmedia":[{"embeddable":true,"href":"https:\/\/lesjeuxdecarnito.com\/en\/wp-json\/wp\/v2\/media\/956"}],"wp:attachment":[{"href":"https:\/\/lesjeuxdecarnito.com\/en\/wp-json\/wp\/v2\/media?parent=890"}],"wp:term":[{"taxonomy":"product_brand","embeddable":true,"href":"https:\/\/lesjeuxdecarnito.com\/en\/wp-json\/wp\/v2\/product_brand?post=890"},{"taxonomy":"product_cat","embeddable":true,"href":"https:\/\/lesjeuxdecarnito.com\/en\/wp-json\/wp\/v2\/product_cat?post=890"},{"taxonomy":"product_tag","embeddable":true,"href":"https:\/\/lesjeuxdecarnito.com\/en\/wp-json\/wp\/v2\/product_tag?post=890"}],"curies":[{"name":"wp","href":"https:\/\/api.w.org\/{rel}","templated":true}]}}