{"id":898,"date":"2023-04-26T07:09:54","date_gmt":"2023-04-26T07:09:54","guid":{"rendered":"https:\/\/lesjeuxdecarnito.com\/?post_type=product&#038;p=898"},"modified":"2024-04-21T23:10:06","modified_gmt":"2024-04-21T23:10:06","slug":"la-verte","status":"publish","type":"product","link":"https:\/\/lesjeuxdecarnito.com\/en\/produit\/la-verte","title":{"rendered":"Enseigne Mobile Verte"},"content":{"rendered":"","protected":false},"excerpt":{"rendered":"<p><img loading=\"lazy\" decoding=\"async\" src=\"https:\/\/lesjeuxdecarnito.com\/wp-content\/uploads\/2024\/04\/IMG_0134.jpeg\" alt=\"\" width=\"75\" height=\"75\" class=\"alignnone size-full wp-image-1752\" srcset=\"https:\/\/lesjeuxdecarnito.com\/wp-content\/uploads\/2024\/04\/IMG_0134.jpeg 300w, https:\/\/lesjeuxdecarnito.com\/wp-content\/uploads\/2024\/04\/IMG_0134-150x150.jpeg 150w, https:\/\/lesjeuxdecarnito.com\/wp-content\/uploads\/2024\/04\/IMG_0134-100x100.jpeg 100w\" sizes=\"(max-width: 75px) 100vw, 75px\" \/> <img loading=\"lazy\" decoding=\"async\" src=\"https:\/\/lesjeuxdecarnito.com\/wp-content\/uploads\/2023\/05\/IMG_0133.jpeg\" alt=\"\" width=\"75\" height=\"75\" class=\"alignnone size-full wp-image-1787\" srcset=\"https:\/\/lesjeuxdecarnito.com\/wp-content\/uploads\/2023\/05\/IMG_0133.jpeg 300w, https:\/\/lesjeuxdecarnito.com\/wp-content\/uploads\/2023\/05\/IMG_0133-150x150.jpeg 150w, https:\/\/lesjeuxdecarnito.com\/wp-content\/uploads\/2023\/05\/IMG_0133-100x100.jpeg 100w\" sizes=\"(max-width: 75px) 100vw, 75px\" \/> <img loading=\"lazy\" decoding=\"async\" src=\"https:\/\/lesjeuxdecarnito.com\/wp-content\/uploads\/2023\/04\/IMG_0148.jpeg\" alt=\"\" width=\"75\" height=\"75\" class=\"alignnone size-full wp-image-1807\" srcset=\"https:\/\/lesjeuxdecarnito.com\/wp-content\/uploads\/2023\/04\/IMG_0148.jpeg 300w, https:\/\/lesjeuxdecarnito.com\/wp-content\/uploads\/2023\/04\/IMG_0148-150x150.jpeg 150w, https:\/\/lesjeuxdecarnito.com\/wp-content\/uploads\/2023\/04\/IMG_0148-100x100.jpeg 100w\" sizes=\"(max-width: 75px) 100vw, 75px\" \/><br \/>\nEnseigne mobile verte et lumineuse en forme de tranche de pain. Elle contient 7 lignes d\u2019affichages et mesure un peu plus de 4 pieds de large par 7 pieds de hauteur. De construction robuste, cette enseigne a subi une r\u00e9novation compl\u00e8te en 2022 et est maintenant pr\u00eate \u00e0 annoncer votre prochain \u00e9v\u00e9nement de jour comme de nuit (rallonge \u00e9lectrique requise (location disponible 20$\/semaine)).<\/p>\n<ul>\n<li>259$\/ 3 jour (minimum)<\/li>\n<li>289$\/ 1 semaine<\/li>\n<li>369$\/ 2 semaines<\/li>\n<li>509$\/ 4 semaines<\/li>\n<\/ul>\n<p>***SVP noter que des frais de 89$ pour la livraison, le montage et le d\u00e9montage sont i<strong>nclus<\/strong> dans les prix. Ville de RDL seulement!<\/p>\n<p>***Nous desservons la grande r\u00e9gion du KRTB. Des frais de livraison au kilom\u00e9trage s\u2019appliquent.<\/p>\n","protected":false},"featured_media":752,"comment_status":"open","ping_status":"closed","template":"","meta":{"_et_pb_use_builder":"","_et_pb_old_content":"","_et_gb_content_width":""},"product_brand":[],"product_cat":[84],"product_tag":[],"class_list":{"0":"post-898","1":"product","2":"type-product","3":"status-publish","4":"has-post-thumbnail","6":"product_cat-enseignes-mobiles","8":"first","9":"instock","10":"taxable","11":"shipping-taxable","12":"purchasable","13":"product-type-simple"},"_links":{"self":[{"href":"https:\/\/lesjeuxdecarnito.com\/en\/wp-json\/wp\/v2\/product\/898","targetHints":{"allow":["GET"]}}],"collection":[{"href":"https:\/\/lesjeuxdecarnito.com\/en\/wp-json\/wp\/v2\/product"}],"about":[{"href":"https:\/\/lesjeuxdecarnito.com\/en\/wp-json\/wp\/v2\/types\/product"}],"replies":[{"embeddable":true,"href":"https:\/\/lesjeuxdecarnito.com\/en\/wp-json\/wp\/v2\/comments?post=898"}],"wp:featuredmedia":[{"embeddable":true,"href":"https:\/\/lesjeuxdecarnito.com\/en\/wp-json\/wp\/v2\/media\/752"}],"wp:attachment":[{"href":"https:\/\/lesjeuxdecarnito.com\/en\/wp-json\/wp\/v2\/media?parent=898"}],"wp:term":[{"taxonomy":"product_brand","embeddable":true,"href":"https:\/\/lesjeuxdecarnito.com\/en\/wp-json\/wp\/v2\/product_brand?post=898"},{"taxonomy":"product_cat","embeddable":true,"href":"https:\/\/lesjeuxdecarnito.com\/en\/wp-json\/wp\/v2\/product_cat?post=898"},{"taxonomy":"product_tag","embeddable":true,"href":"https:\/\/lesjeuxdecarnito.com\/en\/wp-json\/wp\/v2\/product_tag?post=898"}],"curies":[{"name":"wp","href":"https:\/\/api.w.org\/{rel}","templated":true}]}}