{"id":900,"date":"2023-04-26T07:12:50","date_gmt":"2023-04-26T07:12:50","guid":{"rendered":"https:\/\/lesjeuxdecarnito.com\/?post_type=product&#038;p=900"},"modified":"2024-04-21T23:07:17","modified_gmt":"2024-04-21T23:07:17","slug":"la-verte-copie","status":"publish","type":"product","link":"https:\/\/lesjeuxdecarnito.com\/en\/produit\/la-verte-copie","title":{"rendered":"Enseigne de Parade Verte"},"content":{"rendered":"","protected":false},"excerpt":{"rendered":"<p><img loading=\"lazy\" decoding=\"async\" src=\"https:\/\/lesjeuxdecarnito.com\/wp-content\/uploads\/2024\/04\/IMG_0134.jpeg\" alt=\"\" width=\"75\" height=\"75\" class=\"alignnone size-full wp-image-1752\" srcset=\"https:\/\/lesjeuxdecarnito.com\/wp-content\/uploads\/2024\/04\/IMG_0134.jpeg 300w, https:\/\/lesjeuxdecarnito.com\/wp-content\/uploads\/2024\/04\/IMG_0134-150x150.jpeg 150w, https:\/\/lesjeuxdecarnito.com\/wp-content\/uploads\/2024\/04\/IMG_0134-100x100.jpeg 100w\" sizes=\"(max-width: 75px) 100vw, 75px\" \/> <img loading=\"lazy\" decoding=\"async\" src=\"https:\/\/lesjeuxdecarnito.com\/wp-content\/uploads\/2023\/05\/IMG_0133.jpeg\" alt=\"\" width=\"75\" height=\"75\" class=\"alignnone size-full wp-image-1787\" srcset=\"https:\/\/lesjeuxdecarnito.com\/wp-content\/uploads\/2023\/05\/IMG_0133.jpeg 300w, https:\/\/lesjeuxdecarnito.com\/wp-content\/uploads\/2023\/05\/IMG_0133-150x150.jpeg 150w, https:\/\/lesjeuxdecarnito.com\/wp-content\/uploads\/2023\/05\/IMG_0133-100x100.jpeg 100w\" sizes=\"(max-width: 75px) 100vw, 75px\" \/> <img loading=\"lazy\" decoding=\"async\" src=\"https:\/\/lesjeuxdecarnito.com\/wp-content\/uploads\/2023\/04\/IMG_0148.jpeg\" alt=\"\" width=\"75\" height=\"75\" class=\"alignnone size-full wp-image-1807\" srcset=\"https:\/\/lesjeuxdecarnito.com\/wp-content\/uploads\/2023\/04\/IMG_0148.jpeg 300w, https:\/\/lesjeuxdecarnito.com\/wp-content\/uploads\/2023\/04\/IMG_0148-150x150.jpeg 150w, https:\/\/lesjeuxdecarnito.com\/wp-content\/uploads\/2023\/04\/IMG_0148-100x100.jpeg 100w\" sizes=\"(max-width: 75px) 100vw, 75px\" \/><br \/>\nEnseigne de parade mobile verte de forme rectangulaire. Elle contient 5 lignes d\u2019affichages et mesure 6 pieds de haut par 12 pieds de largeur. Parfait pour les affichages de courte dur\u00e9e comme les parades et plus. Peut \u00e9galement servir de panneau publicitaire mobile derri\u00e8re une voiture. Grande surface d\u2019affichage pour un \u00e9v\u00e9nement d\u2019envergure. Doit \u00eatre install\u00e9 dans un endroit bien \u00e9clair\u00e9 car elle n\u2019est pas \u00e9cair\u00e9 la nuit. De construction robuste, cette enseigne de parade a subi une r\u00e9novation compl\u00e8te en 2022 et est maintenant pr\u00eate \u00e0 annoncer votre prochain \u00e9v\u00e9nement.<\/p>\n<ul>\n<li>199$\/ 3 jours (minimum)<\/li>\n<li>319$\/ 1 semaine<\/li>\n<li>419$\/ 2 semaine<\/li>\n<li>559$\/ 4 semaines<\/li>\n<\/ul>\n<p>***SVP noter que des frais de 49$ pour la livraison, le montage et le d\u00e9montage sont i<strong>nclus<\/strong> dans les prix. Ville de RDL seulement!<\/p>\n<p>***Nous desservons la grande r\u00e9gion du KRTB. Des frais de livraison au kilom\u00e9trage s\u2019appliquent.<\/p>\n","protected":false},"featured_media":750,"comment_status":"open","ping_status":"closed","template":"","meta":{"_et_pb_use_builder":"","_et_pb_old_content":"","_et_gb_content_width":""},"product_brand":[],"product_cat":[84],"product_tag":[],"class_list":{"0":"post-900","1":"product","2":"type-product","3":"status-publish","4":"has-post-thumbnail","6":"product_cat-enseignes-mobiles","8":"first","9":"instock","10":"taxable","11":"shipping-taxable","12":"purchasable","13":"product-type-simple"},"_links":{"self":[{"href":"https:\/\/lesjeuxdecarnito.com\/en\/wp-json\/wp\/v2\/product\/900","targetHints":{"allow":["GET"]}}],"collection":[{"href":"https:\/\/lesjeuxdecarnito.com\/en\/wp-json\/wp\/v2\/product"}],"about":[{"href":"https:\/\/lesjeuxdecarnito.com\/en\/wp-json\/wp\/v2\/types\/product"}],"replies":[{"embeddable":true,"href":"https:\/\/lesjeuxdecarnito.com\/en\/wp-json\/wp\/v2\/comments?post=900"}],"wp:featuredmedia":[{"embeddable":true,"href":"https:\/\/lesjeuxdecarnito.com\/en\/wp-json\/wp\/v2\/media\/750"}],"wp:attachment":[{"href":"https:\/\/lesjeuxdecarnito.com\/en\/wp-json\/wp\/v2\/media?parent=900"}],"wp:term":[{"taxonomy":"product_brand","embeddable":true,"href":"https:\/\/lesjeuxdecarnito.com\/en\/wp-json\/wp\/v2\/product_brand?post=900"},{"taxonomy":"product_cat","embeddable":true,"href":"https:\/\/lesjeuxdecarnito.com\/en\/wp-json\/wp\/v2\/product_cat?post=900"},{"taxonomy":"product_tag","embeddable":true,"href":"https:\/\/lesjeuxdecarnito.com\/en\/wp-json\/wp\/v2\/product_tag?post=900"}],"curies":[{"name":"wp","href":"https:\/\/api.w.org\/{rel}","templated":true}]}}