{"id":941,"date":"2023-04-26T13:01:30","date_gmt":"2023-04-26T13:01:30","guid":{"rendered":"https:\/\/lesjeuxdecarnito.com\/?post_type=product&#038;p=941"},"modified":"2024-04-21T22:05:19","modified_gmt":"2024-04-21T22:05:19","slug":"guirlande-lumineuse-50-pi","status":"publish","type":"product","link":"https:\/\/lesjeuxdecarnito.com\/en\/produit\/guirlande-lumineuse-50-pi","title":{"rendered":"Guirlande lumineuse 50 pi."},"content":{"rendered":"<p>*Prenez note que ce tarif inclus des frais de livraison, manutention, montage et d\u00e9montage \u00e9valu\u00e9 \u00e0 19$ plus taxes (secteur ville de Rivi\u00e8re-du-Loup seulement).<br \/>\n*Pour les livraisons \u00e0 l\u2019ext\u00e9rieur de Rivi\u00e8re-du-Loup, un frais fixe en fonction du kilom\u00e9trage s\u2019applique. SVP ajouter l\u2019item \u00e0 votre panier et mentionner votre adresse ou code postal \u00e0 notre calculateur automatique.<\/p>\n","protected":false},"excerpt":{"rendered":"<p><img loading=\"lazy\" decoding=\"async\" src=\"https:\/\/lesjeuxdecarnito.com\/wp-content\/uploads\/2024\/04\/IMG_0134.jpeg\" alt=\"\" width=\"75\" height=\"75\" class=\"alignnone size-full wp-image-1752\" srcset=\"https:\/\/lesjeuxdecarnito.com\/wp-content\/uploads\/2024\/04\/IMG_0134.jpeg 300w, https:\/\/lesjeuxdecarnito.com\/wp-content\/uploads\/2024\/04\/IMG_0134-150x150.jpeg 150w, https:\/\/lesjeuxdecarnito.com\/wp-content\/uploads\/2024\/04\/IMG_0134-100x100.jpeg 100w\" sizes=\"(max-width: 75px) 100vw, 75px\" \/> <img loading=\"lazy\" decoding=\"async\" src=\"https:\/\/lesjeuxdecarnito.com\/wp-content\/uploads\/2023\/04\/IMG_0131.jpeg\" alt=\"\" width=\"75\" height=\"75\" class=\"alignnone size-full wp-image-1793\" srcset=\"https:\/\/lesjeuxdecarnito.com\/wp-content\/uploads\/2023\/04\/IMG_0131.jpeg 300w, https:\/\/lesjeuxdecarnito.com\/wp-content\/uploads\/2023\/04\/IMG_0131-150x150.jpeg 150w, https:\/\/lesjeuxdecarnito.com\/wp-content\/uploads\/2023\/04\/IMG_0131-100x100.jpeg 100w\" sizes=\"(max-width: 75px) 100vw, 75px\" \/> <img loading=\"lazy\" decoding=\"async\" src=\"https:\/\/lesjeuxdecarnito.com\/wp-content\/uploads\/2023\/04\/IMG_0126.jpeg\" alt=\"\" width=\"75\" height=\"75\" class=\"alignnone size-full wp-image-1795\" srcset=\"https:\/\/lesjeuxdecarnito.com\/wp-content\/uploads\/2023\/04\/IMG_0126.jpeg 300w, https:\/\/lesjeuxdecarnito.com\/wp-content\/uploads\/2023\/04\/IMG_0126-150x150.jpeg 150w, https:\/\/lesjeuxdecarnito.com\/wp-content\/uploads\/2023\/04\/IMG_0126-100x100.jpeg 100w\" sizes=\"(max-width: 75px) 100vw, 75px\" \/><br \/>\nLes guirlandes lumineuses de 50 pieds avec ampoules LED sont parfaites pour installer au pourtours des chapiteaux de Carnito. Elles offrent une tr\u00e8s belle luminosit\u00e9 afin d\u2019agr\u00e9menter encore plus vos soir\u00e9es entre amis(es). Jumelez en un set avec un ensemble batterie 12 volts afin d\u2019\u00e9clairer durant la soir\u00e9e un chapiteau install\u00e9 trop loin d\u2019une prise de courant.<\/p>\n","protected":false},"featured_media":987,"comment_status":"open","ping_status":"closed","template":"","meta":{"_et_pb_use_builder":"","_et_pb_old_content":"","_et_gb_content_width":""},"product_brand":[],"product_cat":[82,104,53],"product_tag":[99],"class_list":{"0":"post-941","1":"product","2":"type-product","3":"status-publish","4":"has-post-thumbnail","6":"product_cat-chapiteaux","7":"product_cat-electrocarnitronique","8":"product_cat-equipements-installations","9":"product_tag-s","11":"first","12":"instock","13":"taxable","14":"shipping-taxable","15":"purchasable","16":"product-type-simple"},"_links":{"self":[{"href":"https:\/\/lesjeuxdecarnito.com\/en\/wp-json\/wp\/v2\/product\/941","targetHints":{"allow":["GET"]}}],"collection":[{"href":"https:\/\/lesjeuxdecarnito.com\/en\/wp-json\/wp\/v2\/product"}],"about":[{"href":"https:\/\/lesjeuxdecarnito.com\/en\/wp-json\/wp\/v2\/types\/product"}],"replies":[{"embeddable":true,"href":"https:\/\/lesjeuxdecarnito.com\/en\/wp-json\/wp\/v2\/comments?post=941"}],"wp:featuredmedia":[{"embeddable":true,"href":"https:\/\/lesjeuxdecarnito.com\/en\/wp-json\/wp\/v2\/media\/987"}],"wp:attachment":[{"href":"https:\/\/lesjeuxdecarnito.com\/en\/wp-json\/wp\/v2\/media?parent=941"}],"wp:term":[{"taxonomy":"product_brand","embeddable":true,"href":"https:\/\/lesjeuxdecarnito.com\/en\/wp-json\/wp\/v2\/product_brand?post=941"},{"taxonomy":"product_cat","embeddable":true,"href":"https:\/\/lesjeuxdecarnito.com\/en\/wp-json\/wp\/v2\/product_cat?post=941"},{"taxonomy":"product_tag","embeddable":true,"href":"https:\/\/lesjeuxdecarnito.com\/en\/wp-json\/wp\/v2\/product_tag?post=941"}],"curies":[{"name":"wp","href":"https:\/\/api.w.org\/{rel}","templated":true}]}}